{"id":43,"date":"2008-04-03T20:34:00","date_gmt":"2008-04-03T19:34:00","guid":{"rendered":"http:\/\/www.ewerkzeug.info\/suchmaschinen\/suchmaschinen-spam\/"},"modified":"2012-12-31T13:42:58","modified_gmt":"2012-12-31T12:42:58","slug":"search-engine-spam","status":"publish","type":"page","link":"https:\/\/www.ewerkzeug.info\/en\/ueber-suchmaschinen\/suchmaschinen-spam\/","title":{"rendered":"Spam"},"content":{"rendered":"<p>Spam is not just mails that are unwanted and annoying. Spam also refers to the phenomenon when websites appear at the top of the search results pages for your search terms, even though the search terms are not actually present on the pages.<\/p>\n<p>To combat this type of spam, search engine operators rely on sophisticated strategies and algorithms. You can safely forget the following tricks that are still around. You can no longer fool Google with them.<\/p>\n<ul>\n<li>White lettering on a white background (red on red, black on black, etc.)<\/li>\n<li>stuff the page with search terms<\/li>\n<li>stuff the meta tags with search terms<\/li>\n<li>Make texts invisible with CSS or move them out of the screen area<\/li>\n<li>Doorway pages (ranking pages, bridge pages) that take you somewhere else in zero seconds<\/li>\n<li>Set invisible links (regardless of the method used)<\/li>\n<li>Present pages to search engines other than to human visitors (\u201ecloaking\u201c)<\/li>\n<li>offer the same content under different domains<\/li>\n<\/ul>\n<p>There are still websites that work with such methods and may not be doing so badly in the search results pages. But a continuous deterioration of these positions can already be observed.<\/p>\n<h3>Conclusion<\/h3>\n<p>Work cleanly. It's better to invest time and effort in new, original content.<\/p>","protected":false},"excerpt":{"rendered":"<p>Spam sind nicht nur Mails, die unerw\u00fcnscht sind und auf die Nerven gehen. Spam sagt man auch zum Ph\u00e4nomen, wenn Websites in den Suchergebnisseiten f\u00fcr Ihre Suchbegriffe ganz vorne auftauchen, obwohl dann auf den Seiten die Suchbegriffe gar nicht wirklich vorhanden sind. Um diese Art von Spam zu bek\u00e4mpfen, setzen die Suchmaschinenbetreiber auf ausgekl\u00fcgelte Strategien [&hellip;]<\/p>\n","protected":false},"author":2,"featured_media":0,"parent":28,"menu_order":4,"comment_status":"closed","ping_status":"open","template":"","meta":{"_seopress_robots_primary_cat":"","_seopress_titles_title":"Suchmaschinen-Spam, so nicht","_seopress_titles_desc":"So einfach k\u00f6nnen Sie Suchmaschinen nicht austricksen.","_seopress_robots_index":"","iawp_total_views":1,"footnotes":""},"class_list":["post-43","page","type-page","status-publish","hentry"],"blocksy_meta":{"styles_descriptor":{"styles":{"desktop":"","tablet":"","mobile":""},"google_fonts":[],"version":6}},"_links":{"self":[{"href":"https:\/\/www.ewerkzeug.info\/en\/wp-json\/wp\/v2\/pages\/43","targetHints":{"allow":["GET"]}}],"collection":[{"href":"https:\/\/www.ewerkzeug.info\/en\/wp-json\/wp\/v2\/pages"}],"about":[{"href":"https:\/\/www.ewerkzeug.info\/en\/wp-json\/wp\/v2\/types\/page"}],"author":[{"embeddable":true,"href":"https:\/\/www.ewerkzeug.info\/en\/wp-json\/wp\/v2\/users\/2"}],"replies":[{"embeddable":true,"href":"https:\/\/www.ewerkzeug.info\/en\/wp-json\/wp\/v2\/comments?post=43"}],"version-history":[{"count":0,"href":"https:\/\/www.ewerkzeug.info\/en\/wp-json\/wp\/v2\/pages\/43\/revisions"}],"up":[{"embeddable":true,"href":"https:\/\/www.ewerkzeug.info\/en\/wp-json\/wp\/v2\/pages\/28"}],"wp:attachment":[{"href":"https:\/\/www.ewerkzeug.info\/en\/wp-json\/wp\/v2\/media?parent=43"}],"curies":[{"name":"wp","href":"https:\/\/api.w.org\/{rel}","templated":true}]}}