{"id":4,"date":"2008-03-14T12:36:52","date_gmt":"2008-03-14T11:36:52","guid":{"rendered":"http:\/\/www.ewerkzeug.info\/website-kosten\/"},"modified":"2022-11-17T11:00:01","modified_gmt":"2022-11-17T10:00:01","slug":"cost","status":"publish","type":"page","link":"https:\/\/www.ewerkzeug.info\/en\/website\/kosten\/","title":{"rendered":"Costs of websites"},"content":{"rendered":"<h3 class=\"wp-block-heading\" id=\"was-kostet-eine-website\">What does a website cost?<\/h3>\n\n\n<p>The production of a notorious website in Austria for the self-presentation of a person was supported years ago with \u20ac 283,000. The comparatively measly result is no longer online due to the owner's professional reorientation. However, far better websites can also be produced at much lower cost.<\/p>\n\n\n\n<p>How much can a website really cost in reality?<\/p>\n\n\n\n<p>In general, the costs of a website are made up of these items:<\/p>\n\n\n<h4 class=\"wp-block-heading\" id=\"einmalkosten\">One-off costs<\/h4>\n\n\n<ul class=\"wp-block-list\">\n<li>Concept<\/li>\n\n\n\n<li>Layout (graphic work)<\/li>\n\n\n\n<li>Texting<\/li>\n\n\n\n<li>Programming (HTML\/CSS\/Javascript\/PHP\/...)<\/li>\n\n\n\n<li>Optional: Setting up the content management system \/ CMS (incl. training)<\/li>\n\n\n\n<li>Set up hosting product (publish on the rented web space)<\/li>\n<\/ul>\n\n\n<h4 class=\"wp-block-heading\" id=\"laufende-kosten\">Ongoing costs<\/h4>\n\n\n<ul class=\"wp-block-list\">\n<li>Domain<\/li>\n\n\n\n<li>Hosting<\/li>\n<\/ul>\n\n\n\n<p>In addition, there would be any maintenance costs, be they editorial or technical maintenance costs (especially for CMS).<\/p>\n\n\n<h3 class=\"wp-block-heading\" id=\"die-zahlen\">The figures<\/h3>\n\n\n<p>What are the usual cost blocks? The services<\/p>\n\n\n\n<ul class=\"wp-block-list\">\n<li>Concept<\/li>\n\n\n\n<li>Layout<\/li>\n\n\n\n<li>Texting<\/li>\n\n\n\n<li>Programming<\/li>\n<\/ul>\n\n\n\n<p>are often provided by service providers or they collaborate on them. Here it depends on the scope of the planned website at launch and which of this work is outsourced.<\/p>\n\n\n\n<p>The concept is usually developed in workshops together with the website owner. Depending on the size of the organization or website, one to four half-day workshops are required. A half-day workshop usually costs around \u20ac 400 to \u20ac 600.<\/p>\n\n\n\n<p>Layout work costs from \u20ac 700 (if an individual contractor is commissioned, agency work usually costs at least twice as much), the costs for texting are calculated by the hour or number of characters, and the programming (implementation of the layout in HTML\/CSS, form programming, etc.) depends very much on the functionality of the website. For small and simple websites, costs usually start at \u20ac 1,000.<\/p>\n\n\n<h4 class=\"wp-block-heading\" id=\"die-weiteren-kostenschatzungen\">The other cost estimates<\/h4>\n\n\n<ul class=\"wp-block-list\">\n<li>Set up hosting product: 10,- to 50,- one-off (these costs are often waived)<\/li>\n\n\n\n<li>Domain: 10,- to 100,- per year (these costs are often waived in the first year of hosting)<\/li>\n\n\n\n<li>Hosting: 5,- to 50,- per month<\/li>\n<\/ul>\n\n\n\n<p>If the website is to be published on the basis of a CMS (Content Management System), the implementation and configuration costs for the CMS will also be incurred. How high these are depends on<\/p>\n\n\n\n<ul class=\"wp-block-list\">\n<li>the requirements of the CMS (multilingualism, forms, slideshows, etc.)<\/li>\n\n\n\n<li>the complexity of the CMS itself.<\/li>\n<\/ul>\n\n\n\n<p>A website based on WordPress, for example, can take just a few hours, perhaps days, to create, whereas with Typo3 or Drupal it's usually a different story. Here, the time and effort required must be estimated in weeks or even months. The reward, however, is something that is almost infinitely expandable.<\/p>\n\n\n\n<p>So you can see that a professional website can be quite financially demanding at first. However, with a clever choice of tools and hosting offers and some time invested, the overall costs of a website can be significantly reduced.<\/p>","protected":false},"excerpt":{"rendered":"<p>Was kostet eine Website? Die Produktion einer in \u00d6sterreich ber\u00fchmt-ber\u00fcchtigten Website zur Eigendarstellung einer Person wurde vor Jahren mit \u20ac 283.000,- gest\u00fctzt. Das vergleichsweise mickrige Ergebnis ist aufgrund der beruflichen Neuorientierung des Eigent\u00fcmers gar nicht mehr online. Weitaus bessere Websites k\u00f6nnen aber auch mit weitaus geringeren Kosten hergestellt werden. Was kann denn eine Website in [&hellip;]<\/p>\n","protected":false},"author":2,"featured_media":0,"parent":34,"menu_order":1,"comment_status":"closed","ping_status":"closed","template":"","meta":{"_seopress_robots_primary_cat":"","_seopress_titles_title":"Das kostet eine Website - eWerkzeug.info","_seopress_titles_desc":"Diese Kosten tragen zu den Gesamtkosten einer Website bei.","_seopress_robots_index":"","iawp_total_views":9,"footnotes":""},"class_list":["post-4","page","type-page","status-publish","hentry"],"blocksy_meta":{"styles_descriptor":{"styles":{"desktop":"","tablet":"","mobile":""},"google_fonts":[],"version":6}},"_links":{"self":[{"href":"https:\/\/www.ewerkzeug.info\/en\/wp-json\/wp\/v2\/pages\/4","targetHints":{"allow":["GET"]}}],"collection":[{"href":"https:\/\/www.ewerkzeug.info\/en\/wp-json\/wp\/v2\/pages"}],"about":[{"href":"https:\/\/www.ewerkzeug.info\/en\/wp-json\/wp\/v2\/types\/page"}],"author":[{"embeddable":true,"href":"https:\/\/www.ewerkzeug.info\/en\/wp-json\/wp\/v2\/users\/2"}],"replies":[{"embeddable":true,"href":"https:\/\/www.ewerkzeug.info\/en\/wp-json\/wp\/v2\/comments?post=4"}],"version-history":[{"count":3,"href":"https:\/\/www.ewerkzeug.info\/en\/wp-json\/wp\/v2\/pages\/4\/revisions"}],"predecessor-version":[{"id":5132,"href":"https:\/\/www.ewerkzeug.info\/en\/wp-json\/wp\/v2\/pages\/4\/revisions\/5132"}],"up":[{"embeddable":true,"href":"https:\/\/www.ewerkzeug.info\/en\/wp-json\/wp\/v2\/pages\/34"}],"wp:attachment":[{"href":"https:\/\/www.ewerkzeug.info\/en\/wp-json\/wp\/v2\/media?parent=4"}],"curies":[{"name":"wp","href":"https:\/\/api.w.org\/{rel}","templated":true}]}}