{"id":54,"date":"2008-04-23T12:19:06","date_gmt":"2008-04-23T11:19:06","guid":{"rendered":"http:\/\/www.ewerkzeug.info\/?page_id=54"},"modified":"2022-01-29T12:54:06","modified_gmt":"2022-01-29T11:54:06","slug":"drupal","status":"publish","type":"page","link":"http:\/\/www.ewerkzeug.info\/en\/cms-content-management-systeme\/drupal\/","title":{"rendered":"Drupal"},"content":{"rendered":"<div class=\"wp-block-image\"><figure class=\"alignleft\"><img decoding=\"async\" src=\"https:\/\/www.ewerkzeug.info\/wp-content\/uploads\/drupal_150x150.jpg\" alt=\"Drupal Logo\" class=\"wp-image-52\" title=\"Drupal\"\/><\/figure><\/div>\n\n\n\n<p> Drupal is an enormously flexible content management system that primarily takes into account the requirements of Web 2.0. This means that many functionalities are provided to enable collaborative content creation. In addition to its use as a classic website, Drupal is also ideal as a community portal, social network or weblog. But Drupal also works very well as an intranet in a company.<\/p>\n\n\n\n<p>Technically, Drupal is based on the PHP scripting language (from version 5.2), and MySql and PostgreSQL can be used as databases. Both the installation packages and the fully installed CMS are surprisingly small. Incidentally, you can choose a preconfigured \u201eInstallation Profile\u201c when downloading the installation. This allows websites to be set up more quickly for specific purposes.<\/p>\n\n\n\n<p>In addition to a convenient drag &amp; drop interface in the administration area, the use as a multilingual website stands out. The Drupal developers' pronounced ability for self-criticism is also well-known and should be emphasized as particularly positive.<\/p>\n\n\n\n<h3 class=\"wp-block-heading\" id=\"features-und-merkmale\">Features and characteristics<\/h3>\n\n\n\n<ul class=\"wp-block-list\"><li>Update Manager for updates<\/li><li>Internationalization<\/li><li>Notification of content changes<\/li><li>APIs for technical access to the database and CMS<\/li><li>High speed<\/li><li>Clean separation between content and templates<\/li><\/ul>\n\n\n\n<p>Small catch: the rich text editor for convenient text writing must first be installed manually.<\/p>\n\n\n\n<h4 class=\"wp-block-heading\" id=\"die-links\">The links<\/h4>\n\n\n\n<p><a href=\"http:\/\/www.drupal.org\/\" target=\"_blank\" rel=\"noopener\">Drupal.org<\/a> - the english Drupal site<\/p>\n\n\n\n<p><a href=\"http:\/\/www.drupalcenter.de\/\" target=\"_blank\" rel=\"noopener\">Drupalcenter.com<\/a> - German Drupal Community<\/p>","protected":false},"excerpt":{"rendered":"<p>Drupal ist ein enorm flexibles Content Management System, das vor allem die Anforderungen von Web 2.0 ber\u00fccksichtigt. Es sind also viele Funktionalit\u00e4ten vorgesehen, die ein gemeinsames Erarbeiten von Inhalten erm\u00f6glichen. Drupal eignet sich neben dem Einsatz als klassischer Website auch als Community-Portal, Social Network oder Weblog hervorragend. Aber auch als Intranet in einem Unternehmen macht [&hellip;]<\/p>\n","protected":false},"author":2,"featured_media":0,"parent":50,"menu_order":3,"comment_status":"closed","ping_status":"open","template":"","meta":{"_seopress_robots_primary_cat":"","_seopress_titles_title":"\u00dcber das CMS Drupal","_seopress_titles_desc":"\u00dcber den Einsatz des Open Source CMS Drupal.","_seopress_robots_index":"","_seopress_analysis_target_kw":"","iawp_total_views":18,"footnotes":""},"class_list":["post-54","page","type-page","status-publish","hentry"],"blocksy_meta":{"styles_descriptor":{"styles":{"desktop":"","tablet":"","mobile":""},"google_fonts":[],"version":6}},"_links":{"self":[{"href":"http:\/\/www.ewerkzeug.info\/en\/wp-json\/wp\/v2\/pages\/54","targetHints":{"allow":["GET"]}}],"collection":[{"href":"http:\/\/www.ewerkzeug.info\/en\/wp-json\/wp\/v2\/pages"}],"about":[{"href":"http:\/\/www.ewerkzeug.info\/en\/wp-json\/wp\/v2\/types\/page"}],"author":[{"embeddable":true,"href":"http:\/\/www.ewerkzeug.info\/en\/wp-json\/wp\/v2\/users\/2"}],"replies":[{"embeddable":true,"href":"http:\/\/www.ewerkzeug.info\/en\/wp-json\/wp\/v2\/comments?post=54"}],"version-history":[{"count":3,"href":"http:\/\/www.ewerkzeug.info\/en\/wp-json\/wp\/v2\/pages\/54\/revisions"}],"predecessor-version":[{"id":4262,"href":"http:\/\/www.ewerkzeug.info\/en\/wp-json\/wp\/v2\/pages\/54\/revisions\/4262"}],"up":[{"embeddable":true,"href":"http:\/\/www.ewerkzeug.info\/en\/wp-json\/wp\/v2\/pages\/50"}],"wp:attachment":[{"href":"http:\/\/www.ewerkzeug.info\/en\/wp-json\/wp\/v2\/media?parent=54"}],"curies":[{"name":"wp","href":"https:\/\/api.w.org\/{rel}","templated":true}]}}