{"id":28,"date":"2008-03-26T21:12:20","date_gmt":"2008-03-26T20:12:20","guid":{"rendered":"http:\/\/www.ewerkzeug.info\/suchmaschinen\/"},"modified":"2017-04-06T09:19:31","modified_gmt":"2017-04-06T07:19:31","slug":"about-search-engines","status":"publish","type":"page","link":"http:\/\/www.ewerkzeug.info\/en\/ueber-suchmaschinen\/","title":{"rendered":"Search engines"},"content":{"rendered":"<p>Hand on heart. What would you have thought of when you heard the word \u201esearch engines\u201c back in 1993?<\/p>\n<p>Today it is <em>the<\/em> magic word for almost all website operators. Almost no one who doesn't know what a search engine is, hardly anyone who doesn't want their website to be ranked at the top of search engines.<\/p>\n<p>And rightly so. Most web statistics show that visitors have primarily found the website via the Google search engine. However, this is only the case if the website ranks well in Google's SERPs, the Search Engine Ranking Pages. In other words, at the top for the desired search terms.<\/p>\n<p class=\"MsoNormal\">In short, search engines are databases that store the content of millions of websites. With the help of complex algorithms, they calculate which topics the individual pages deal with and how important these pages are compared to other pages. The search engines are created and continuously improved by programmers, but the order of the search results is not influenced manually (exception: at the request of a court or in the case of voluntary self-censorship by the search engines).<\/p>\n<p>In principle, every website can be optimized to meet the requirements of search engines. If you are already working on your website, you might as well consider the requirements of the search engines.<br \/>\nIn the USA, according to figures from the market research company <a href=\"http:\/\/www.comscore.com\/\" target=\"_blank\">Comscore<\/a> Google's <span class=\"suchwort\">Market share<\/span> of the US search engine market is close to the 60 percent mark. In Germany, the picture is one of a monopolist. As the 2006 statistics from <a href=\"http:\/\/www.webhits.de\/deutsch\/index.shtml?webstats.html\" target=\"_blank\">WebHits<\/a> could be inferred at that time <span class=\"suchwort\">Google<\/span> in <strong class=\"suchwort\">Germany<\/strong> the 90 percent hurdle at the <span class=\"suchwort\">Market share<\/span> of the search engines. Second-placed Yahoo! only managed 3.3 percent. The figures are unlikely to have changed much since then.<\/p>\n<p>Websites that are highly visible on Google therefore have a decisive advantage.<\/p>\n<p>Google does not reveal how the results are ranked, but there are countless observations and experiments that allow us to draw good conclusions about the algorithm. And the basis of the search engine can be read as a publicly accessible PDF document by the two Google founders Sergey Brin and Larry Page (<a href=\"http:\/\/infolab.stanford.edu\/pub\/papers\/google.pdf\" target=\"_blank\">google.pdf<\/a>, 120 KB).<\/p>\n<p>What measures are there to increase search engine friendliness?<\/p>\n<ul>\n<li>Under <a href=\"https:\/\/www.ewerkzeug.info\/en\/search-engines\/on-the-page-optimization\/\"><strong>On-the-Page<\/strong><\/a>-Methods are measures that are carried out on the page itself.<\/li>\n<li>Under <a href=\"https:\/\/www.ewerkzeug.info\/en\/search-engines\/off-the-page-optimization\/\"><strong>Off-the-Page<\/strong><\/a>-The \"linking methods\" are methods that are performed around this page, such as links from other websites, names of domains, directories and files, etc.<\/li>\n<\/ul>","protected":false},"excerpt":{"rendered":"<p>Hand auf&#8217;s Herz. Woran h\u00e4tten Sie noch 1993 beim Wort &#8222;Suchmaschinen&#8220; gedacht? Heute ist es das magische Wort f\u00fcr fast alle Betreiber von Websites. Fast niemand, der nicht wei\u00df, was eine Suchmaschine ist, kaum jemand, der nicht mit seiner Website in Suchmaschinen ganz vorne gereiht sein will. Und das mit Recht. Den meisten Webstatistiken ist [&hellip;]<\/p>\n","protected":false},"author":2,"featured_media":0,"parent":0,"menu_order":4,"comment_status":"closed","ping_status":"closed","template":"","meta":{"_seopress_robots_primary_cat":"","_seopress_titles_title":"\u00dcber Suchmaschinen","_seopress_titles_desc":"Warum eine gute Sichtbarkeit bei der Suchmaschine Google n\u00fctzlich ist.","_seopress_robots_index":"","iawp_total_views":21,"footnotes":""},"class_list":["post-28","page","type-page","status-publish","hentry"],"blocksy_meta":{"styles_descriptor":{"styles":{"desktop":"","tablet":"","mobile":""},"google_fonts":[],"version":6}},"_links":{"self":[{"href":"http:\/\/www.ewerkzeug.info\/en\/wp-json\/wp\/v2\/pages\/28","targetHints":{"allow":["GET"]}}],"collection":[{"href":"http:\/\/www.ewerkzeug.info\/en\/wp-json\/wp\/v2\/pages"}],"about":[{"href":"http:\/\/www.ewerkzeug.info\/en\/wp-json\/wp\/v2\/types\/page"}],"author":[{"embeddable":true,"href":"http:\/\/www.ewerkzeug.info\/en\/wp-json\/wp\/v2\/users\/2"}],"replies":[{"embeddable":true,"href":"http:\/\/www.ewerkzeug.info\/en\/wp-json\/wp\/v2\/comments?post=28"}],"version-history":[{"count":2,"href":"http:\/\/www.ewerkzeug.info\/en\/wp-json\/wp\/v2\/pages\/28\/revisions"}],"predecessor-version":[{"id":2814,"href":"http:\/\/www.ewerkzeug.info\/en\/wp-json\/wp\/v2\/pages\/28\/revisions\/2814"}],"wp:attachment":[{"href":"http:\/\/www.ewerkzeug.info\/en\/wp-json\/wp\/v2\/media?parent=28"}],"curies":[{"name":"wp","href":"https:\/\/api.w.org\/{rel}","templated":true}]}}